{"id":22,"date":"2021-07-12T14:23:09","date_gmt":"2021-07-12T14:23:09","guid":{"rendered":"https:\/\/compocit.hemsida.eu\/?page_id=22"},"modified":"2023-10-17T14:00:25","modified_gmt":"2023-10-17T14:00:25","slug":"start","status":"publish","type":"page","link":"https:\/\/compocit.hemsida.eu\/","title":{"rendered":"Start"},"content":{"rendered":"\n<h1>\n\t\tCOMPOCIT\n\t<\/h1>\n\t\t\t\t<p>Compocit \u00e4r ett f\u00f6retag i fastighetsbranschen som arbetar med besiktningar och tekniska utredningar av fastigheter. Vi \u00e5tar oss uppdrag \u00f6ver hela landet med utg\u00e5ngspunkt i Stockholm.<\/p>\n\t\t\t\t<p>Hemsidan \u00e4r under uppbyggnad. Den ber\u00e4knas vara klar under h\u00f6sten 2023.<\/p>\n\n","protected":false},"excerpt":{"rendered":"<p>COMPOCIT Compocit \u00e4r ett f\u00f6retag i fastighetsbranschen som arbetar med besiktningar och tekniska utredningar av fastigheter. Vi \u00e5tar oss uppdrag \u00f6ver hela landet med utg\u00e5ngspunkt i Stockholm. Hemsidan \u00e4r under uppbyggnad. Den ber\u00e4knas vara klar under h\u00f6sten 2023.<\/p>\n","protected":false},"author":1,"featured_media":0,"parent":0,"menu_order":0,"comment_status":"closed","ping_status":"closed","template":"","meta":{"footnotes":""},"yoast_head":"<!-- This site is optimized with the Yoast SEO plugin v21.4 - https:\/\/yoast.com\/wordpress\/plugins\/seo\/ -->\n<title>Start - Compocit<\/title>\n<meta name=\"robots\" content=\"noindex, follow, max-snippet:-1, max-image-preview:large, max-video-preview:-1\" \/>\n<meta property=\"og:locale\" content=\"sv_SE\" \/>\n<meta property=\"og:type\" content=\"article\" \/>\n<meta property=\"og:title\" content=\"Start - Compocit\" \/>\n<meta property=\"og:description\" content=\"COMPOCIT Compocit \u00e4r ett f\u00f6retag i fastighetsbranschen som arbetar med besiktningar och tekniska utredningar av fastigheter. Vi \u00e5tar oss uppdrag \u00f6ver hela landet med utg\u00e5ngspunkt i Stockholm. Hemsidan \u00e4r under uppbyggnad. Den ber\u00e4knas vara klar under h\u00f6sten 2023.\" \/>\n<meta property=\"og:url\" content=\"https:\/\/compocit.hemsida.eu\/\" \/>\n<meta property=\"og:site_name\" content=\"Compocit\" \/>\n<meta property=\"article:modified_time\" content=\"2023-10-17T14:00:25+00:00\" \/>\n<meta name=\"twitter:card\" content=\"summary_large_image\" \/>\n<script type=\"application\/ld+json\" class=\"yoast-schema-graph\">{\"@context\":\"https:\/\/schema.org\",\"@graph\":[{\"@type\":\"WebPage\",\"@id\":\"https:\/\/compocit.hemsida.eu\/\",\"url\":\"https:\/\/compocit.hemsida.eu\/\",\"name\":\"Start - Compocit\",\"isPartOf\":{\"@id\":\"https:\/\/compocit.hemsida.eu\/#website\"},\"datePublished\":\"2021-07-12T14:23:09+00:00\",\"dateModified\":\"2023-10-17T14:00:25+00:00\",\"breadcrumb\":{\"@id\":\"https:\/\/compocit.hemsida.eu\/#breadcrumb\"},\"inLanguage\":\"sv-SE\",\"potentialAction\":[{\"@type\":\"ReadAction\",\"target\":[\"https:\/\/compocit.hemsida.eu\/\"]}]},{\"@type\":\"BreadcrumbList\",\"@id\":\"https:\/\/compocit.hemsida.eu\/#breadcrumb\",\"itemListElement\":[{\"@type\":\"ListItem\",\"position\":1,\"name\":\"Hem\",\"item\":\"https:\/\/compocit.hemsida.eu\/\"},{\"@type\":\"ListItem\",\"position\":2,\"name\":\"Start\"}]},{\"@type\":\"WebSite\",\"@id\":\"https:\/\/compocit.hemsida.eu\/#website\",\"url\":\"https:\/\/compocit.hemsida.eu\/\",\"name\":\"Compocit\",\"description\":\"besiktningar och tekniska utredningar av fastigheter\",\"potentialAction\":[{\"@type\":\"SearchAction\",\"target\":{\"@type\":\"EntryPoint\",\"urlTemplate\":\"https:\/\/compocit.hemsida.eu\/?s={search_term_string}\"},\"query-input\":\"required name=search_term_string\"}],\"inLanguage\":\"sv-SE\"}]}<\/script>\n<!-- \/ Yoast SEO plugin. -->","yoast_head_json":{"title":"Start - Compocit","robots":{"index":"noindex","follow":"follow","max-snippet":"max-snippet:-1","max-image-preview":"max-image-preview:large","max-video-preview":"max-video-preview:-1"},"og_locale":"sv_SE","og_type":"article","og_title":"Start - Compocit","og_description":"COMPOCIT Compocit \u00e4r ett f\u00f6retag i fastighetsbranschen som arbetar med besiktningar och tekniska utredningar av fastigheter. Vi \u00e5tar oss uppdrag \u00f6ver hela landet med utg\u00e5ngspunkt i Stockholm. Hemsidan \u00e4r under uppbyggnad. Den ber\u00e4knas vara klar under h\u00f6sten 2023.","og_url":"https:\/\/compocit.hemsida.eu\/","og_site_name":"Compocit","article_modified_time":"2023-10-17T14:00:25+00:00","twitter_card":"summary_large_image","schema":{"@context":"https:\/\/schema.org","@graph":[{"@type":"WebPage","@id":"https:\/\/compocit.hemsida.eu\/","url":"https:\/\/compocit.hemsida.eu\/","name":"Start - Compocit","isPartOf":{"@id":"https:\/\/compocit.hemsida.eu\/#website"},"datePublished":"2021-07-12T14:23:09+00:00","dateModified":"2023-10-17T14:00:25+00:00","breadcrumb":{"@id":"https:\/\/compocit.hemsida.eu\/#breadcrumb"},"inLanguage":"sv-SE","potentialAction":[{"@type":"ReadAction","target":["https:\/\/compocit.hemsida.eu\/"]}]},{"@type":"BreadcrumbList","@id":"https:\/\/compocit.hemsida.eu\/#breadcrumb","itemListElement":[{"@type":"ListItem","position":1,"name":"Hem","item":"https:\/\/compocit.hemsida.eu\/"},{"@type":"ListItem","position":2,"name":"Start"}]},{"@type":"WebSite","@id":"https:\/\/compocit.hemsida.eu\/#website","url":"https:\/\/compocit.hemsida.eu\/","name":"Compocit","description":"besiktningar och tekniska utredningar av fastigheter","potentialAction":[{"@type":"SearchAction","target":{"@type":"EntryPoint","urlTemplate":"https:\/\/compocit.hemsida.eu\/?s={search_term_string}"},"query-input":"required name=search_term_string"}],"inLanguage":"sv-SE"}]}},"_links":{"self":[{"href":"https:\/\/compocit.hemsida.eu\/index.php\/wp-json\/wp\/v2\/pages\/22"}],"collection":[{"href":"https:\/\/compocit.hemsida.eu\/index.php\/wp-json\/wp\/v2\/pages"}],"about":[{"href":"https:\/\/compocit.hemsida.eu\/index.php\/wp-json\/wp\/v2\/types\/page"}],"author":[{"embeddable":true,"href":"https:\/\/compocit.hemsida.eu\/index.php\/wp-json\/wp\/v2\/users\/1"}],"replies":[{"embeddable":true,"href":"https:\/\/compocit.hemsida.eu\/index.php\/wp-json\/wp\/v2\/comments?post=22"}],"version-history":[{"count":11,"href":"https:\/\/compocit.hemsida.eu\/index.php\/wp-json\/wp\/v2\/pages\/22\/revisions"}],"predecessor-version":[{"id":125,"href":"https:\/\/compocit.hemsida.eu\/index.php\/wp-json\/wp\/v2\/pages\/22\/revisions\/125"}],"wp:attachment":[{"href":"https:\/\/compocit.hemsida.eu\/index.php\/wp-json\/wp\/v2\/media?parent=22"}],"curies":[{"name":"wp","href":"https:\/\/api.w.org\/{rel}","templated":true}]}}